{"id":35,"date":"2025-01-31T12:05:14","date_gmt":"2025-01-31T12:05:14","guid":{"rendered":"https:\/\/ade-team.de\/?page_id=35"},"modified":"2025-01-31T15:49:11","modified_gmt":"2025-01-31T15:49:11","slug":"willkommen","status":"publish","type":"page","link":"https:\/\/ade-team.de\/","title":{"rendered":"Willkommen"},"content":{"rendered":"\t\t<div data-elementor-type=\"wp-page\" data-elementor-id=\"35\" class=\"elementor elementor-35\">\n\t\t\t\t\t\t<section class=\"elementor-section elementor-top-section elementor-element elementor-element-42dfe3f4 elementor-section-full_width elementor-section-stretched elementor-section-height-default elementor-section-height-default\" data-id=\"42dfe3f4\" data-element_type=\"section\" data-settings=\"{&quot;stretch_section&quot;:&quot;section-stretched&quot;}\">\n\t\t\t\t\t\t<div class=\"elementor-container elementor-column-gap-no\">\n\t\t\t\t\t<div class=\"elementor-column elementor-col-100 elementor-top-column elementor-element elementor-element-6df87fe2\" data-id=\"6df87fe2\" data-element_type=\"column\">\n\t\t\t<div class=\"elementor-widget-wrap elementor-element-populated\">\n\t\t\t\t\t\t<div class=\"elementor-element elementor-element-48c1316c elementor-widget elementor-widget-image\" data-id=\"48c1316c\" data-element_type=\"widget\" data-widget_type=\"image.default\">\n\t\t\t\t<div class=\"elementor-widget-container\">\n\t\t\t\t\t\t\t\t\t\t\t\t\t\t\t<img fetchpriority=\"high\" decoding=\"async\" width=\"1024\" height=\"347\" src=\"https:\/\/ade-team.de\/wp-content\/uploads\/2025\/01\/ADE_willkommen_head-1024x347.jpg\" class=\"attachment-large size-large wp-image-7\" alt=\"\" srcset=\"https:\/\/ade-team.de\/wp-content\/uploads\/2025\/01\/ADE_willkommen_head-1024x347.jpg 1024w, https:\/\/ade-team.de\/wp-content\/uploads\/2025\/01\/ADE_willkommen_head-300x102.jpg 300w, https:\/\/ade-team.de\/wp-content\/uploads\/2025\/01\/ADE_willkommen_head-768x260.jpg 768w, https:\/\/ade-team.de\/wp-content\/uploads\/2025\/01\/ADE_willkommen_head-1536x520.jpg 1536w, https:\/\/ade-team.de\/wp-content\/uploads\/2025\/01\/ADE_willkommen_head.jpg 1920w\" sizes=\"(max-width: 1024px) 100vw, 1024px\" \/>\t\t\t\t\t\t\t\t\t\t\t\t\t\t\t<\/div>\n\t\t\t\t<\/div>\n\t\t\t\t<div class=\"elementor-element elementor-element-fbb30df elementor-widget elementor-widget-spacer\" data-id=\"fbb30df\" data-element_type=\"widget\" data-widget_type=\"spacer.default\">\n\t\t\t\t<div class=\"elementor-widget-container\">\n\t\t\t\t\t\t\t<div class=\"elementor-spacer\">\n\t\t\t<div class=\"elementor-spacer-inner\"><\/div>\n\t\t<\/div>\n\t\t\t\t\t\t<\/div>\n\t\t\t\t<\/div>\n\t\t\t\t\t<\/div>\n\t\t<\/div>\n\t\t\t\t\t<\/div>\n\t\t<\/section>\n\t\t\t\t<section class=\"elementor-section elementor-top-section elementor-element elementor-element-6308a318 elementor-section-boxed elementor-section-height-default elementor-section-height-default\" data-id=\"6308a318\" data-element_type=\"section\">\n\t\t\t\t\t\t<div class=\"elementor-container elementor-column-gap-default\">\n\t\t\t\t\t<div class=\"elementor-column elementor-col-50 elementor-top-column elementor-element elementor-element-343cfb74\" data-id=\"343cfb74\" data-element_type=\"column\">\n\t\t\t<div class=\"elementor-widget-wrap elementor-element-populated\">\n\t\t\t\t\t\t<div class=\"elementor-element elementor-element-620f1151 elementor-widget elementor-widget-image\" data-id=\"620f1151\" data-element_type=\"widget\" data-widget_type=\"image.default\">\n\t\t\t\t<div class=\"elementor-widget-container\">\n\t\t\t\t\t\t\t\t\t\t\t\t\t\t\t<img decoding=\"async\" width=\"400\" height=\"600\" src=\"https:\/\/ade-team.de\/wp-content\/uploads\/2025\/01\/ADE-Logo.webp\" class=\"attachment-large size-large wp-image-8\" alt=\"\" srcset=\"https:\/\/ade-team.de\/wp-content\/uploads\/2025\/01\/ADE-Logo.webp 400w, https:\/\/ade-team.de\/wp-content\/uploads\/2025\/01\/ADE-Logo-200x300.webp 200w\" sizes=\"(max-width: 400px) 100vw, 400px\" \/>\t\t\t\t\t\t\t\t\t\t\t\t\t\t\t<\/div>\n\t\t\t\t<\/div>\n\t\t\t\t\t<\/div>\n\t\t<\/div>\n\t\t\t\t<div class=\"elementor-column elementor-col-50 elementor-top-column elementor-element elementor-element-2a570fd5\" data-id=\"2a570fd5\" data-element_type=\"column\">\n\t\t\t<div class=\"elementor-widget-wrap elementor-element-populated\">\n\t\t\t\t\t\t<div class=\"elementor-element elementor-element-3f10061e elementor-widget elementor-widget-text-editor\" data-id=\"3f10061e\" data-element_type=\"widget\" data-widget_type=\"text-editor.default\">\n\t\t\t\t<div class=\"elementor-widget-container\">\n\t\t\t\t\t\t\t\t\t<p>Herzlich willkommen bei<\/p>\t\t\t\t\t\t\t\t<\/div>\n\t\t\t\t<\/div>\n\t\t\t\t<div class=\"elementor-element elementor-element-4616aedc elementor-widget elementor-widget-heading\" data-id=\"4616aedc\" data-element_type=\"widget\" data-widget_type=\"heading.default\">\n\t\t\t\t<div class=\"elementor-widget-container\">\n\t\t\t\t\t<h2 class=\"elementor-heading-title elementor-size-default\">Ade Team \u00dcbersetzungen<\/h2>\t\t\t\t<\/div>\n\t\t\t\t<\/div>\n\t\t\t\t<div class=\"elementor-element elementor-element-26210029 elementor-widget elementor-widget-text-editor\" data-id=\"26210029\" data-element_type=\"widget\" data-widget_type=\"text-editor.default\">\n\t\t\t\t<div class=\"elementor-widget-container\">\n\t\t\t\t\t\t\t\t\t<p>Birkend\u00f6rfle 5<br \/>70191 Stuttgart<\/p><p>Fon 07 11 &#8211; 25 68 247<br \/>Mobil 01 77 &#8211; 65 96 248<\/p><p id=\"u2737-20\"><a href=\"mailto:adeteam@aol.com\"><span style=\"text-decoration: underline;\">adeteam@aol.com<\/span><\/a><\/p>\t\t\t\t\t\t\t\t<\/div>\n\t\t\t\t<\/div>\n\t\t\t\t\t<\/div>\n\t\t<\/div>\n\t\t\t\t\t<\/div>\n\t\t<\/section>\n\t\t\t\t<section class=\"elementor-section elementor-top-section elementor-element elementor-element-42810229 elementor-section-boxed elementor-section-height-default elementor-section-height-default\" data-id=\"42810229\" data-element_type=\"section\">\n\t\t\t\t\t\t<div class=\"elementor-container elementor-column-gap-default\">\n\t\t\t\t\t<div class=\"elementor-column elementor-col-50 elementor-top-column elementor-element elementor-element-3ff6e1f5\" data-id=\"3ff6e1f5\" data-element_type=\"column\">\n\t\t\t<div class=\"elementor-widget-wrap elementor-element-populated\">\n\t\t\t\t\t\t<div class=\"elementor-element elementor-element-30f3040a elementor-widget elementor-widget-spacer\" data-id=\"30f3040a\" data-element_type=\"widget\" data-widget_type=\"spacer.default\">\n\t\t\t\t<div class=\"elementor-widget-container\">\n\t\t\t\t\t\t\t<div class=\"elementor-spacer\">\n\t\t\t<div class=\"elementor-spacer-inner\"><\/div>\n\t\t<\/div>\n\t\t\t\t\t\t<\/div>\n\t\t\t\t<\/div>\n\t\t\t\t<div class=\"elementor-element elementor-element-68d0c70 elementor-widget elementor-widget-image\" data-id=\"68d0c70\" data-element_type=\"widget\" data-widget_type=\"image.default\">\n\t\t\t\t<div class=\"elementor-widget-container\">\n\t\t\t\t\t\t\t\t\t\t\t\t\t\t\t<img decoding=\"async\" width=\"736\" height=\"1024\" src=\"https:\/\/ade-team.de\/wp-content\/uploads\/2025\/01\/Buchcover-736x1024.webp\" class=\"attachment-large size-large wp-image-9\" alt=\"\" srcset=\"https:\/\/ade-team.de\/wp-content\/uploads\/2025\/01\/Buchcover-736x1024.webp 736w, https:\/\/ade-team.de\/wp-content\/uploads\/2025\/01\/Buchcover-216x300.webp 216w, https:\/\/ade-team.de\/wp-content\/uploads\/2025\/01\/Buchcover-768x1068.webp 768w, https:\/\/ade-team.de\/wp-content\/uploads\/2025\/01\/Buchcover.webp 796w\" sizes=\"(max-width: 736px) 100vw, 736px\" \/>\t\t\t\t\t\t\t\t\t\t\t\t\t\t\t<\/div>\n\t\t\t\t<\/div>\n\t\t\t\t\t<\/div>\n\t\t<\/div>\n\t\t\t\t<div class=\"elementor-column elementor-col-50 elementor-top-column elementor-element elementor-element-7e3144d6\" data-id=\"7e3144d6\" data-element_type=\"column\">\n\t\t\t<div class=\"elementor-widget-wrap elementor-element-populated\">\n\t\t\t\t\t\t<div class=\"elementor-element elementor-element-192a0955 elementor-widget elementor-widget-spacer\" data-id=\"192a0955\" data-element_type=\"widget\" data-widget_type=\"spacer.default\">\n\t\t\t\t<div class=\"elementor-widget-container\">\n\t\t\t\t\t\t\t<div class=\"elementor-spacer\">\n\t\t\t<div class=\"elementor-spacer-inner\"><\/div>\n\t\t<\/div>\n\t\t\t\t\t\t<\/div>\n\t\t\t\t<\/div>\n\t\t\t\t<div class=\"elementor-element elementor-element-30a1d019 elementor-widget elementor-widget-text-editor\" data-id=\"30a1d019\" data-element_type=\"widget\" data-widget_type=\"text-editor.default\">\n\t\t\t\t<div class=\"elementor-widget-container\">\n\t\t\t\t\t\t\t\t\t<p id=\"u21915-2\">&#8222;Freizeitspa\u00df mit Lamas und Alpakas&#8220; von Claudia Ade, 90 Seiten, viele Bilder und Zeichnungen f\u00fcr 18,90 \u20ac zu bestellen \u00fcber <span style=\"text-decoration: underline;\"><a href=\"mailto:adeteam@aol.com\">adeteam@aol.com<\/a> <\/span>oder <a href=\"http:\/\/www.amazon.de\/Freizeitspa%C3%9F-mit-Lamas-Alpakas-Claudia\/dp\/3800184524\/ref=sr_1_5?ie=UTF8&amp;qid=1442386099&amp;sr=8-5&amp;keywords=claudia+ade\"><span style=\"text-decoration: underline;\">amazon.de<\/span><\/a><br \/><br \/>Besuchen Sie <a href=\"https:\/\/lamas-stuttgart.de\/\"><span style=\"text-decoration: underline;\">unsere Lamas<\/span> <\/a>gerne im Web!<\/p>\t\t\t\t\t\t\t\t<\/div>\n\t\t\t\t<\/div>\n\t\t\t\t\t<\/div>\n\t\t<\/div>\n\t\t\t\t\t<\/div>\n\t\t<\/section>\n\t\t\t\t<\/div>\n\t\t","protected":false},"excerpt":{"rendered":"<p>Herzlich willkommen bei Ade Team \u00dcbersetzungen Birkend\u00f6rfle 570191 Stuttgart Fon 07 11 &#8211; 25 68 247Mobil 01 77 &#8211; 65 96 248 adeteam@aol.com &#8222;Freizeitspa\u00df mit Lamas und Alpakas&#8220; von Claudia Ade, 90 Seiten, viele Bilder und Zeichnungen f\u00fcr 18,90 \u20ac zu bestellen \u00fcber adeteam@aol.com oder amazon.de Besuchen Sie unsere Lamas gerne im Web!<\/p>\n","protected":false},"author":1,"featured_media":0,"parent":0,"menu_order":0,"comment_status":"closed","ping_status":"closed","template":"elementor_header_footer","meta":{"footnotes":""},"class_list":["post-35","page","type-page","status-publish","hentry","entry"],"_links":{"self":[{"href":"https:\/\/ade-team.de\/index.php?rest_route=\/wp\/v2\/pages\/35","targetHints":{"allow":["GET"]}}],"collection":[{"href":"https:\/\/ade-team.de\/index.php?rest_route=\/wp\/v2\/pages"}],"about":[{"href":"https:\/\/ade-team.de\/index.php?rest_route=\/wp\/v2\/types\/page"}],"author":[{"embeddable":true,"href":"https:\/\/ade-team.de\/index.php?rest_route=\/wp\/v2\/users\/1"}],"replies":[{"embeddable":true,"href":"https:\/\/ade-team.de\/index.php?rest_route=%2Fwp%2Fv2%2Fcomments&post=35"}],"version-history":[{"count":31,"href":"https:\/\/ade-team.de\/index.php?rest_route=\/wp\/v2\/pages\/35\/revisions"}],"predecessor-version":[{"id":348,"href":"https:\/\/ade-team.de\/index.php?rest_route=\/wp\/v2\/pages\/35\/revisions\/348"}],"wp:attachment":[{"href":"https:\/\/ade-team.de\/index.php?rest_route=%2Fwp%2Fv2%2Fmedia&parent=35"}],"curies":[{"name":"wp","href":"https:\/\/api.w.org\/{rel}","templated":true}]}}