{"id":84,"date":"2025-01-31T12:27:26","date_gmt":"2025-01-31T12:27:26","guid":{"rendered":"https:\/\/ade-team.de\/?page_id=84"},"modified":"2025-01-31T14:29:19","modified_gmt":"2025-01-31T14:29:19","slug":"referenzen","status":"publish","type":"page","link":"https:\/\/ade-team.de\/?page_id=84","title":{"rendered":"Referenzen"},"content":{"rendered":"\t\t<div data-elementor-type=\"wp-page\" data-elementor-id=\"84\" class=\"elementor elementor-84\">\n\t\t\t\t\t\t<section class=\"elementor-section elementor-top-section elementor-element elementor-element-42dfe3f4 elementor-section-full_width elementor-section-stretched elementor-section-height-default elementor-section-height-default\" data-id=\"42dfe3f4\" data-element_type=\"section\" data-settings=\"{&quot;stretch_section&quot;:&quot;section-stretched&quot;}\">\n\t\t\t\t\t\t<div class=\"elementor-container elementor-column-gap-no\">\n\t\t\t\t\t<div class=\"elementor-column elementor-col-100 elementor-top-column elementor-element elementor-element-6df87fe2\" data-id=\"6df87fe2\" data-element_type=\"column\">\n\t\t\t<div class=\"elementor-widget-wrap elementor-element-populated\">\n\t\t\t\t\t\t<div class=\"elementor-element elementor-element-48c1316c elementor-widget elementor-widget-image\" data-id=\"48c1316c\" data-element_type=\"widget\" data-widget_type=\"image.default\">\n\t\t\t\t<div class=\"elementor-widget-container\">\n\t\t\t\t\t\t\t\t\t\t\t\t\t\t\t<img fetchpriority=\"high\" decoding=\"async\" width=\"1024\" height=\"346\" src=\"https:\/\/ade-team.de\/wp-content\/uploads\/2025\/01\/referenzen_head-1024x346.jpg\" class=\"attachment-large size-large wp-image-14\" alt=\"\" srcset=\"https:\/\/ade-team.de\/wp-content\/uploads\/2025\/01\/referenzen_head-1024x346.jpg 1024w, https:\/\/ade-team.de\/wp-content\/uploads\/2025\/01\/referenzen_head-300x101.jpg 300w, https:\/\/ade-team.de\/wp-content\/uploads\/2025\/01\/referenzen_head-768x259.jpg 768w, https:\/\/ade-team.de\/wp-content\/uploads\/2025\/01\/referenzen_head-1536x518.jpg 1536w, https:\/\/ade-team.de\/wp-content\/uploads\/2025\/01\/referenzen_head.jpg 1920w\" sizes=\"(max-width: 1024px) 100vw, 1024px\" \/>\t\t\t\t\t\t\t\t\t\t\t\t\t\t\t<\/div>\n\t\t\t\t<\/div>\n\t\t\t\t<div class=\"elementor-element elementor-element-fbb30df elementor-widget elementor-widget-spacer\" data-id=\"fbb30df\" data-element_type=\"widget\" data-widget_type=\"spacer.default\">\n\t\t\t\t<div class=\"elementor-widget-container\">\n\t\t\t\t\t\t\t<div class=\"elementor-spacer\">\n\t\t\t<div class=\"elementor-spacer-inner\"><\/div>\n\t\t<\/div>\n\t\t\t\t\t\t<\/div>\n\t\t\t\t<\/div>\n\t\t\t\t\t<\/div>\n\t\t<\/div>\n\t\t\t\t\t<\/div>\n\t\t<\/section>\n\t\t\t\t<section class=\"elementor-section elementor-top-section elementor-element elementor-element-29079b5 elementor-section-boxed elementor-section-height-default elementor-section-height-default\" data-id=\"29079b5\" data-element_type=\"section\">\n\t\t\t\t\t\t<div class=\"elementor-container elementor-column-gap-default\">\n\t\t\t\t\t<div class=\"elementor-column elementor-col-50 elementor-top-column elementor-element elementor-element-49612888\" data-id=\"49612888\" data-element_type=\"column\">\n\t\t\t<div class=\"elementor-widget-wrap elementor-element-populated\">\n\t\t\t\t\t\t<div class=\"elementor-element elementor-element-a09fb75 elementor-hidden-mobile elementor-widget elementor-widget-image\" data-id=\"a09fb75\" data-element_type=\"widget\" data-widget_type=\"image.default\">\n\t\t\t\t<div class=\"elementor-widget-container\">\n\t\t\t\t\t\t\t\t\t\t\t\t\t\t\t<img decoding=\"async\" width=\"1024\" height=\"682\" src=\"https:\/\/ade-team.de\/wp-content\/uploads\/2025\/01\/referenzen_innen-1024x682.webp\" class=\"attachment-large size-large wp-image-15\" alt=\"\" srcset=\"https:\/\/ade-team.de\/wp-content\/uploads\/2025\/01\/referenzen_innen-1024x682.webp 1024w, https:\/\/ade-team.de\/wp-content\/uploads\/2025\/01\/referenzen_innen-300x200.webp 300w, https:\/\/ade-team.de\/wp-content\/uploads\/2025\/01\/referenzen_innen-768x512.webp 768w, https:\/\/ade-team.de\/wp-content\/uploads\/2025\/01\/referenzen_innen.webp 1280w\" sizes=\"(max-width: 1024px) 100vw, 1024px\" \/>\t\t\t\t\t\t\t\t\t\t\t\t\t\t\t<\/div>\n\t\t\t\t<\/div>\n\t\t\t\t\t<\/div>\n\t\t<\/div>\n\t\t\t\t<div class=\"elementor-column elementor-col-50 elementor-top-column elementor-element elementor-element-1c9a0471\" data-id=\"1c9a0471\" data-element_type=\"column\">\n\t\t\t<div class=\"elementor-widget-wrap elementor-element-populated\">\n\t\t\t\t\t\t<div class=\"elementor-element elementor-element-14ecd9a2 elementor-widget elementor-widget-heading\" data-id=\"14ecd9a2\" data-element_type=\"widget\" data-widget_type=\"heading.default\">\n\t\t\t\t<div class=\"elementor-widget-container\">\n\t\t\t\t\t<h2 class=\"elementor-heading-title elementor-size-default\">Referenzen\n<\/h2>\t\t\t\t<\/div>\n\t\t\t\t<\/div>\n\t\t\t\t<div class=\"elementor-element elementor-element-284d3ac6 elementor-widget elementor-widget-text-editor\" data-id=\"284d3ac6\" data-element_type=\"widget\" data-widget_type=\"text-editor.default\">\n\t\t\t\t<div class=\"elementor-widget-container\">\n\t\t\t\t\t\t\t\t\t<p>Artefakt \u2013 B\u00fcro f. Industriekultur | Aue Verlag | BNP Paribas | B\u00fclow AG | Delius Klasing Verlag | Designplus GmbH | Deutsches Aktieninstitut | F\u00fcrst Developments GmbH | Frech Verlag | Going Public Media | Good Time Holding | Hochburg GmbH | HearDis! Corporate Sound GmbH | Janus Communication | Kiddinx Media | Kaisers Ideenreich | Listenow KG | Magnescale Europe GmbH | M\u00fcnch GmbH | NetsDirekt GmbH | Posh Media GmbH | Reloxx Relocation Service | Solar Promotion Int. GmbH | S\u00fcd-Treber GmbH | Schmidt Spiele GmbH | Ulmer Verlag | Z\u00fcblin AG | \u2026<\/p>\t\t\t\t\t\t\t\t<\/div>\n\t\t\t\t<\/div>\n\t\t\t\t\t<\/div>\n\t\t<\/div>\n\t\t\t\t\t<\/div>\n\t\t<\/section>\n\t\t\t\t<\/div>\n\t\t","protected":false},"excerpt":{"rendered":"<p>Referenzen Artefakt \u2013 B\u00fcro f. Industriekultur | Aue Verlag | BNP Paribas | B\u00fclow AG | Delius Klasing Verlag | Designplus GmbH | Deutsches Aktieninstitut | F\u00fcrst Developments GmbH | Frech Verlag | Going Public Media | Good Time Holding | Hochburg GmbH | HearDis! Corporate Sound GmbH | Janus Communication | Kiddinx Media | [&hellip;]<\/p>\n","protected":false},"author":1,"featured_media":0,"parent":0,"menu_order":0,"comment_status":"closed","ping_status":"closed","template":"elementor_header_footer","meta":{"footnotes":""},"class_list":["post-84","page","type-page","status-publish","hentry","entry"],"_links":{"self":[{"href":"https:\/\/ade-team.de\/index.php?rest_route=\/wp\/v2\/pages\/84","targetHints":{"allow":["GET"]}}],"collection":[{"href":"https:\/\/ade-team.de\/index.php?rest_route=\/wp\/v2\/pages"}],"about":[{"href":"https:\/\/ade-team.de\/index.php?rest_route=\/wp\/v2\/types\/page"}],"author":[{"embeddable":true,"href":"https:\/\/ade-team.de\/index.php?rest_route=\/wp\/v2\/users\/1"}],"replies":[{"embeddable":true,"href":"https:\/\/ade-team.de\/index.php?rest_route=%2Fwp%2Fv2%2Fcomments&post=84"}],"version-history":[{"count":10,"href":"https:\/\/ade-team.de\/index.php?rest_route=\/wp\/v2\/pages\/84\/revisions"}],"predecessor-version":[{"id":280,"href":"https:\/\/ade-team.de\/index.php?rest_route=\/wp\/v2\/pages\/84\/revisions\/280"}],"wp:attachment":[{"href":"https:\/\/ade-team.de\/index.php?rest_route=%2Fwp%2Fv2%2Fmedia&parent=84"}],"curies":[{"name":"wp","href":"https:\/\/api.w.org\/{rel}","templated":true}]}}